{"id":390,"date":"2019-10-21T20:43:14","date_gmt":"2019-10-21T18:43:14","guid":{"rendered":"http:\/\/linuxboxen2.dk\/?page_id=390"},"modified":"2024-12-03T19:46:50","modified_gmt":"2024-12-03T19:46:50","slug":"shell-komandoer","status":"publish","type":"page","link":"https:\/\/www.linuxboxen.dk\/?page_id=390","title":{"rendered":"Shell komandoer"},"content":{"rendered":"<p><img loading=\"lazy\" decoding=\"async\" class=\"size-full wp-image-32469 aligncenter\" src=\"https:\/\/www.linuxboxen2.dk\/wp-content\/uploads\/2024\/01\/linuxterm.jpg\" alt=\"\" width=\"600\" height=\"313\" srcset=\"https:\/\/www.linuxboxen.dk\/wp-content\/uploads\/2024\/01\/linuxterm.jpg 600w, https:\/\/www.linuxboxen.dk\/wp-content\/uploads\/2024\/01\/linuxterm-300x157.jpg 300w\" sizes=\"auto, (max-width: 600px) 100vw, 600px\" \/><\/p>\n<p>Der er mange linux kommandoer, og jeg har ikke alle med her. Du kommer sikkert ikke til at bruge dem alle s\u00e5 jeg har udvalg nogle af de mest brugte.<br \/>\nDu skal bruge en terminal\/<a href=\"https:\/\/www.linuxboxen.dk\/chsh-skift-valg-af-shell\/\">shell<\/a> for at bruge disse kommandoer.<br \/>\nDer er nogle kommandoer hvor der er link til beskrivelse af hvordan kommandoen bruges. Og jeg h\u00e5ber at f\u00e5 guides til alle kommandoer over tid.<\/p>\n<p>Engelsk oversigt over kommandoer er <a href=\"https:\/\/www.linuxboxen.dk\/shell-komandoer\/\">her<\/a><\/p>\n<hr class=\"solid\" \/>\n<p><a href=\"#a\">A<\/a> \u00a0<a href=\"#b\">B<\/a>\u00a0 <a href=\"#c\">C<\/a>\u00a0 <a href=\"#d\">D<\/a>\u00a0 <a href=\"#e\">E<\/a>\u00a0 <a href=\"#f\">F<\/a>\u00a0 <a href=\"#g\">G<\/a>\u00a0 <a href=\"#h\">H<\/a>\u00a0 <a href=\"#i\">I<\/a>\u00a0 <a href=\"#j\">J<\/a>\u00a0 <a href=\"#k\">K<\/a>\u00a0 <a href=\"#l\">L<\/a> \u00a0<a href=\"#m\">M<\/a>\u00a0 <a href=\"#n\">N<\/a>\u00a0 <a href=\"#o\">O<\/a>\u00a0 <a href=\"#p\">P<\/a>\u00a0 <a href=\"#q\">Q<\/a>\u00a0 <a href=\"#r\">R<\/a>\u00a0 <a href=\"#s\">S<\/a>\u00a0 <a href=\"#t\">T<\/a>\u00a0 <a href=\"#u\">U<\/a>\u00a0 <a href=\"#v\">V<\/a>\u00a0 <a href=\"#x\">X<\/a>\u00a0 <a href=\"#y\">Y\u00a0<\/a> <a href=\"#z\">Z<\/a><\/p>\n<hr class=\"solid\" \/>\n<p><a name=\"a\"><\/a><\/p>\n<h3>A<\/h3>\n<table style=\"height: 137px;\" border=\"1\" width=\"60%\">\n<tbody>\n<tr>\n<td width=\"20%\">Adduser<br \/>\narch<br \/>\narp<br \/>\nawk<\/td>\n<td>Tilf\u00f8jer en ny bruger til systemet.<br \/>\nViser OS Type32\/64 bits<br \/>\nViser arp tablen over de forbindelser der husket.<br \/>\nS\u00f8g og erstat tekst i filer.<\/td>\n<\/tr>\n<\/tbody>\n<\/table>\n<h3><\/h3>\n<p><a name=\"b\"><\/a><\/p>\n<hr class=\"solid\" \/>\n<h3>B<\/h3>\n<table style=\"height: 101px;\" border=\"1\" width=\"60%\">\n<tbody>\n<tr>\n<td width=\"20%\">bc<br \/>\n<a href=\"https:\/\/www.linuxboxen.dk\/?p=2686\">btrfsck<\/a><\/td>\n<td>Regnemaskine<br \/>\nBruge til at check file systemet for fejl. (btrfs)<\/td>\n<\/tr>\n<\/tbody>\n<\/table>\n<hr class=\"solid\" \/>\n<p><a name=\"c\"><\/a><\/p>\n<h3>C<\/h3>\n<table style=\"height: 137px;\" border=\"1\" width=\"60%\">\n<tbody>\n<tr>\n<td width=\"20%\"><a href=\"https:\/\/www.linuxboxen.dk\/?p=1103\">cat<\/a><br \/>\n<a href=\"https:\/\/www.linuxboxen.dk\/?p=1662\">cal<\/a><br \/>\n<a href=\"https:\/\/www.linuxboxen.dk\/?p=1109\">cd<\/a><br \/>\n<a href=\"https:\/\/www.linuxboxen.dk\/?p=1112\">chgrp<\/a><br \/>\n<a href=\"https:\/\/www.linuxboxen.dk\/?p=1116\">chown<\/a><br \/>\n<a href=\"https:\/\/www.linuxboxen.dk\/?p=1286\">chroot<\/a><br \/>\n<a href=\"https:\/\/www.linuxboxen.dk\/?p=1608\">cksum<\/a><br \/>\n<a href=\"https:\/\/www.linuxboxen.dk\/cmp\/\">cmp<\/a><br \/>\n<a href=\"https:\/\/www.linuxboxen.dk\/?p=1405\">comm<\/a><br \/>\n<a href=\"https:\/\/www.linuxboxen.dk\/?p=1679\">column<\/a><br \/>\n<a href=\"https:\/\/www.linuxboxen.dk\/?p=1095\" target=\"_blank\" rel=\"noopener\">cp<\/a><br \/>\n<a href=\"https:\/\/www.linuxboxen.dk\/?p=1290\">crontab<\/a><br \/>\ncsplit<br \/>\n<a href=\"https:\/\/www.linuxboxen.dk\/?p=1614\">cut<\/a><br \/>\n<a href=\"https:\/\/www.linuxboxen.dk\/curl\/\">curl<\/a><\/td>\n<td>Viser indhold af filer p\u00e5 std output.<br \/>\nKalender<br \/>\nskifter arbejds mappe<br \/>\n\u00e6ndre gruppe ejer skab af filer<br \/>\nshift ejerskab p\u00e5 filer.<br \/>\nskifter root dir<br \/>\nBeregner CRC p\u00e5 filer<br \/>\nsammenligner to filer<br \/>\nsamenlige flere filer linje p\u00e5 linje<br \/>\nBruges til at formatere output i kolonder.<br \/>\nkopiere filer til mappe<br \/>\nstyre programer som skal k\u00f8re p\u00e5 bestemte tids punkter.<br \/>\nspliter filer igen<br \/>\nFjerner dele af hver linje i filer.<br \/>\ncurl Henter\/Sender data til server.<\/td>\n<\/tr>\n<\/tbody>\n<\/table>\n<hr class=\"solid\" \/>\n<p><a name=\"d\"><\/a><\/p>\n<h3>D<\/h3>\n<table style=\"height: 137px;\" border=\"1\" width=\"60%\">\n<tbody>\n<tr>\n<td width=\"20%\"><a href=\"https:\/\/www.linuxboxen.dk\/?p=1120\">date<\/a><br \/>\n<a href=\"https:\/\/www.linuxboxen.dk\/?p=1617\">dc<\/a><br \/>\n<a href=\"https:\/\/www.linuxboxen.dk\/?p=1125\">dd<\/a><br \/>\n<a href=\"https:\/\/www.linuxboxen.dk\/?p=426\">df<\/a><br \/>\n<a href=\"https:\/\/www.linuxboxen.dk\/?p=1135\">diff<\/a><br \/>\n<a href=\"https:\/\/www.linuxboxen.dk\/?p=1142\">dirname<\/a><br \/>\n<a href=\"https:\/\/www.linuxboxen.dk\/?p=1148\">du<\/a><br \/>\n<a href=\"https:\/\/www.linuxboxen.dk\/?p=32244\">dmidecode<\/a><\/td>\n<td>S\u00e6tter\/viser dato.<br \/>\n<span style=\"background-color: inherit;\">dc<br \/>\nData dump,konvert og kopi af data.<br \/>\n<\/span><span style=\"background-color: inherit;\">Disk plads fri.<br \/>\n<\/span><span style=\"background-color: inherit;\">Viser forskellighed af filer.<br \/>\n<\/span><span style=\"background-color: inherit;\">viser full path navn fra path.<br \/>\n<\/span><span style=\"background-color: inherit;\">visker disk forbrug p\u00e5 filer.<br \/>\nViser hardware informationer.<br \/>\n<\/span><\/td>\n<\/tr>\n<\/tbody>\n<\/table>\n<hr class=\"solid\" \/>\n<p><a name=\"e\"><\/a><\/p>\n<h3>E<\/h3>\n<table style=\"height: 101px;\" border=\"1\" width=\"60%\">\n<tbody>\n<tr>\n<td width=\"20%\"><a href=\"https:\/\/www.linuxboxen.dk\/?p=1160\">echo<\/a><br \/>\n<a href=\"https:\/\/www.linuxboxen.dk\/ed\/\">ed<\/a><br \/>\nedgrep<br \/>\n<a href=\"https:\/\/www.linuxboxen.dk\/?p=1491\">egrep<\/a><br \/>\n<a href=\"https:\/\/www.linuxboxen.dk\/?p=1169\">env<\/a><br \/>\n<a href=\"https:\/\/www.linuxboxen.dk\/?p=1165\">expand<\/a><br \/>\nexpr<\/td>\n<td>Viser besked p\u00e5 stdio<br \/>\nTekst editor<br \/>\ns\u00f8ger i filer<br \/>\nS\u00f8ger efter tekst i filer.<br \/>\nviser env variabler<br \/>\nkonverter space to tab<br \/>\nevaluate exp<\/td>\n<\/tr>\n<\/tbody>\n<\/table>\n<p><a name=\"f\"><\/a><\/p>\n<hr class=\"solid\" \/>\n<h3>F<\/h3>\n<table style=\"height: 101px;\" border=\"1\" width=\"60%\">\n<tbody>\n<tr>\n<td width=\"20%\"><a href=\"https:\/\/www.linuxboxen.dk\/?p=1180\">factor<\/a><br \/>\n<a href=\"https:\/\/www.linuxboxen.dk\/?p=1308\">fdisk<\/a><br \/>\nfgrep<br \/>\n<a href=\"https:\/\/www.linuxboxen.dk\/?p=1380\">find<\/a><br \/>\n<a href=\"https:\/\/www.linuxboxen.dk\/?p=1185\">fmt<\/a><br \/>\n<a href=\"https:\/\/www.linuxboxen.dk\/?p=1428\">fold<\/a><br \/>\n<a href=\"https:\/\/www.linuxboxen.dk\/?p=1175\">fsck<\/a><br \/>\n<a href=\"https:\/\/www.linuxboxen.dk\/?p=1867\">fstrim<\/a><\/td>\n<td><span lang=\"da\" tabindex=\"0\">Udskriv hovedfaktorerne for hvert specificeret heltal NUMMER<\/span><br \/>\nPartition v\u00e6rkt\u00f8j til diske.<br \/>\nS\u00f8ger efter tekst mash i filer.<br \/>\nS\u00f8g efter filer med et bestemt kreteria.<br \/>\n<span lang=\"da\" tabindex=\"0\">Enkel, optimal tekstformater.<br \/>\n<\/span>Warp tekst til man brede.<br \/>\nFilsystem check program.<br \/>\nKasser ubrugte blokke p\u00e5 et monteret filsystem. Bruges p\u00e5 SSD&#8217;er<\/td>\n<\/tr>\n<\/tbody>\n<\/table>\n<hr class=\"solid\" \/>\n<p><a name=\"g\"><\/a><\/p>\n<h3>G<\/h3>\n<table style=\"height: 144px; width: 60%;\" border=\"1\" width=\"60%\">\n<tbody>\n<tr style=\"height: 144px;\">\n<td style=\"height: 144px;\" width=\"20%\"><a href=\"https:\/\/www.linuxboxen.dk\/?p=1249\">gawk<\/a><br \/>\n<a href=\"https:\/\/www.linuxboxen.dk\/?p=1320\">gparted<\/a><br \/>\n<a href=\"https:\/\/www.linuxboxen.dk\/?p=1239\">grep<\/a><br \/>\n<a href=\"https:\/\/www.linuxboxen.dk\/?p=1203\">groups<\/a><br \/>\n<a href=\"https:\/\/www.linuxboxen.dk\/?p=1196\">gzip<\/a><br \/>\n<a href=\"https:\/\/www.linuxboxen.dk\/?p=1200\">gunzip<\/a><\/td>\n<td style=\"height: 144px;\">Find tekst og replace i filer.<br \/>\nDisk klarg\u00f8rings program.<br \/>\ns\u00f8g i filer efter en given tekst.<br \/>\nviser hvilken grupper en bruer er medlem af.<br \/>\npakker filer.<br \/>\nUdpakker filer.<\/td>\n<\/tr>\n<\/tbody>\n<\/table>\n<hr class=\"solid\" \/>\n<p><a name=\"h\"><\/a><\/p>\n<h3>H<\/h3>\n<table style=\"height: 101px;\" border=\"1\" width=\"60%\">\n<tbody>\n<tr>\n<td width=\"20%\"><a href=\"https:\/\/www.linuxboxen.dk\/?p=151\">hashcat<\/a><br \/>\n<a href=\"https:\/\/www.linuxboxen.dk\/?p=324\">head<\/a><br \/>\n<a href=\"https:\/\/www.linuxboxen.dk\/?p=1209\">hostname<\/a><br \/>\n<a href=\"https:\/\/www.linuxboxen.dk\/?p=478\">history<\/a><\/td>\n<td>Bruges til password hacking.<br \/>\nViser top indholdet af en fil.<br \/>\nviser linux hostnavn.<br \/>\nViser din kommado historie.<\/td>\n<\/tr>\n<\/tbody>\n<\/table>\n<hr class=\"solid\" \/>\n<p><a name=\"i\"><\/a><\/p>\n<h3>I<\/h3>\n<table style=\"height: 101px;\" border=\"1\" width=\"60%\">\n<tbody>\n<tr>\n<td width=\"20%\"><a href=\"https:\/\/www.linuxboxen.dk\/?p=1222\">id<\/a><br \/>\n<a href=\"https:\/\/www.linuxboxen.dk\/?p=2803\">ifconfig<\/a><br \/>\n<a href=\"https:\/\/www.linuxboxen.dk\/?p=1228\">info<\/a><br \/>\n<a href=\"https:\/\/www.linuxboxen.dk\/install\/\">install<\/a><br \/>\n<a href=\"https:\/\/www.linuxboxen.dk\/?p=2808\">ip<\/a><\/td>\n<td>Viser brugers bruger id samt gruppe id.<br \/>\nViser netv\u00e6rk oplysninger.<br \/>\nHelp info.<br \/>\nCopy filer og s\u00e6tter attributes.<br \/>\nNetv\u00e6rks opsysninger.<\/td>\n<\/tr>\n<\/tbody>\n<\/table>\n<hr class=\"solid\" \/>\n<p><a name=\"j\"><\/a><\/p>\n<h3>J<\/h3>\n<table style=\"height: 101px;\" border=\"1\" width=\"60%\">\n<tbody>\n<tr>\n<td width=\"20%\"><a href=\"https:\/\/www.linuxboxen.dk\/?p=1234\">join<\/a><br \/>\n<a href=\"https:\/\/www.linuxboxen.dk\/?p=1254\">joe<\/a><br \/>\n<a href=\"https:\/\/www.linuxboxen.dk\/?p=2314\">journalctl<\/a><\/td>\n<td>Join tekst.<br \/>\nTekst editor.<br \/>\nViser system logs<\/td>\n<\/tr>\n<\/tbody>\n<\/table>\n<hr class=\"solid\" \/>\n<p><a name=\"k\"><\/a><\/p>\n<h3>K<\/h3>\n<table style=\"height: 69px;\" border=\"1\" width=\"60%\">\n<tbody>\n<tr>\n<td width=\"20%\"><a href=\"https:\/\/www.linuxboxen.dk\/?p=1157\">kill<\/a><\/td>\n<td>Afslutter program\/progress.<\/td>\n<\/tr>\n<\/tbody>\n<\/table>\n<hr class=\"solid\" \/>\n<p><a name=\"l\"><\/a><\/p>\n<h3>L<\/h3>\n<table style=\"height: 101px;\" border=\"1\" width=\"60%\">\n<tbody>\n<tr>\n<td width=\"20%\"><a href=\"https:\/\/www.linuxboxen.dk\/?p=1243\">less<\/a><br \/>\n<a href=\"https:\/\/www.linuxboxen.dk\/?p=35\">ln<\/a><br \/>\n<a href=\"https:\/\/www.linuxboxen.dk\/?p=1988\">ls<\/a><br \/>\n<a href=\"https:\/\/www.linuxboxen.dk\/?p=1257\">locate<\/a><br \/>\n<a href=\"https:\/\/www.linuxboxen.dk\/logname\/\">logname<\/a><br \/>\nlpc<br \/>\nlpr<br \/>\nlprm<\/td>\n<td>Viser output en sk\u00e6rm af gangen.<br \/>\nlaver link mellem filer.<br \/>\nViser fil\/bibliotek informationer.<br \/>\nfind filer.<br \/>\nvis login navn.<br \/>\nlinje printer kontrol program.<br \/>\noffline printer.<br \/>\nfjern print jobs fra printer k\u00f8.<\/td>\n<\/tr>\n<\/tbody>\n<\/table>\n<hr class=\"solid\" \/>\n<p><a name=\"m\"><\/a><\/p>\n<h3>M<\/h3>\n<table style=\"height: 101px;\" border=\"1\" width=\"60%\">\n<tbody>\n<tr>\n<td width=\"20%\"><a href=\"https:\/\/www.linuxboxen.dk\/man\/\">man<\/a><br \/>\n<a href=\"https:\/\/www.linuxboxen.dk\/oprette-flere-mapper-i-en-kommando\/\">mkdir<\/a><br \/>\nmkfifo<br \/>\n<a href=\"https:\/\/www.linuxboxen.dk\/?p=1505\">mknod<\/a><br \/>\n<a href=\"https:\/\/www.linuxboxen.dk\/?p=1267\">more<\/a><br \/>\n<a href=\"https:\/\/www.linuxboxen.dk\/?p=1436\">mount<\/a><\/td>\n<td>Hj\u00e6lpe sider.<br \/>\nOpret biblotek.<br \/>\nLaver FIFOs (pipes)<br \/>\n<span style=\"background-color: inherit;\">Lav block device.<br \/>\n<\/span><span style=\"background-color: inherit;\">Viser output en sk\u00e6rm af gangen fra en fil.<br \/>\n<\/span><span style=\"background-color: inherit;\">mounter disk\/fil system.<\/span><\/td>\n<\/tr>\n<\/tbody>\n<\/table>\n<hr class=\"solid\" \/>\n<p><a name=\"n\"><\/a><\/p>\n<h3>N<\/h3>\n<table style=\"height: 101px;\" border=\"1\" width=\"60%\">\n<tbody>\n<tr>\n<td width=\"20%\"><a href=\"https:\/\/www.linuxboxen.dk\/?p=1450\">nice<\/a><br \/>\n<a href=\"https:\/\/www.linuxboxen.dk\/?p=1447\">nl<\/a><br \/>\n<a href=\"https:\/\/www.linuxboxen.dk\/?p=1453\">nohup<\/a><\/td>\n<td>S\u00e6t program privotet under start.<br \/>\nnumber lines of files<br \/>\n<span style=\"background-color: inherit;\">Start program s\u00e5 det ikke afsluttes ned terminal forbindelse mistet.<\/span><\/td>\n<\/tr>\n<\/tbody>\n<\/table>\n<hr class=\"solid\" \/>\n<p><a name=\"o\"><\/a><\/p>\n<h3>O<\/h3>\n<table style=\"height: 101px;\" border=\"1\" width=\"60%\">\n<tbody>\n<tr>\n<td width=\"20%\"><a href=\"https:\/\/www.linuxboxen.dk\/?p=1515\">od<\/a><br \/>\n<a href=\"https:\/\/www.linuxboxen.dk\/?p=1512\">open<\/a><\/td>\n<td>Dump filer i oktav eller andre formater.<br \/>\nStart et program i en ny terminal.<\/td>\n<\/tr>\n<\/tbody>\n<\/table>\n<hr class=\"solid\" \/>\n<p><a name=\"p\"><\/a><\/p>\n<h3>P<\/h3>\n<table style=\"height: 101px;\" border=\"1\" width=\"60%\">\n<tbody>\n<tr>\n<td width=\"20%\"><a href=\"https:\/\/www.linuxboxen.dk\/?p=1325\">parted<\/a><br \/>\n<a href=\"https:\/\/www.linuxboxen.dk\/?p=1498\">passwd<\/a><br \/>\n<a href=\"https:\/\/www.linuxboxen.dk\/?p=1477\">paste<\/a><br \/>\npathchk<br \/>\npr<br \/>\nprintcap<br \/>\nprintenv<br \/>\nprintf<\/td>\n<td>Disk klarg\u00f8rings v\u00e6rkt\u00f8j.<br \/>\n\u00c6ndre kodeord.<br \/>\nSammenflet filer.<br \/>\ncheck fil navne.<br \/>\nkonvert filer til udskrift.<br \/>\nPrinter database.<br \/>\nprint env variabler.<br \/>\nformateret udskrifter.<\/td>\n<\/tr>\n<\/tbody>\n<\/table>\n<hr class=\"solid\" \/>\n<p><a name=\"q\"><\/a><\/p>\n<h3>Q<\/h3>\n<table style=\"height: 101px;\" border=\"1\" width=\"60%\">\n<tbody>\n<tr>\n<td width=\"20%\">quota<br \/>\nquotacheck<br \/>\nquotactl<\/td>\n<td>viser diskbrug og begr\u00e6nsninger.<br \/>\nCheck diskbrug.<br \/>\nKontrollere diskbrug og begr\u00e6nsninger.<\/td>\n<\/tr>\n<\/tbody>\n<\/table>\n<hr class=\"solid\" \/>\n<p><a name=\"r\"><\/a><\/p>\n<h3>R<\/h3>\n<table style=\"height: 101px;\" border=\"1\" width=\"60%\">\n<tbody>\n<tr>\n<td width=\"20%\">ram<br \/>\nrcp<br \/>\n<a href=\"https:\/\/www.linuxboxen.dk\/?p=1456\">rm<\/a><br \/>\n<a href=\"https:\/\/www.linuxboxen.dk\/?p=1470\">rmdir<\/a><br \/>\nrpm<br \/>\n<a href=\"https:\/\/www.linuxboxen.dk\/?p=1459\">rsync<\/a><\/td>\n<td width=\"20%\">Ram disk device.<br \/>\nCopy filer mellem to maskiner.<br \/>\nFjern filer.<br \/>\nFjern bibloteker.<br \/>\nremote pakket manager.<br \/>\nremove fil sync.<\/td>\n<\/tr>\n<\/tbody>\n<\/table>\n<hr class=\"solid\" \/>\n<p><a name=\"s\"><\/a><\/p>\n<h3>S<\/h3>\n<table style=\"height: 101px;\" border=\"1\" width=\"60%\">\n<tbody>\n<tr>\n<td width=\"20%\"><a href=\"https:\/\/www.linuxboxen.dk\/?p=46\">screen<\/a><br \/>\n<a href=\"https:\/\/www.linuxboxen.dk\/?p=32317\">sed<\/a><br \/>\nsdiff<br \/>\n<a href=\"https:\/\/www.linuxboxen.dk\/?p=2351\">scp<\/a><br \/>\nselect<br \/>\n<a href=\"https:\/\/www.linuxboxen.dk\/?p=31631\" target=\"_blank\" rel=\"noopener\">seq<\/a><br \/>\n<a href=\"https:\/\/www.linuxboxen.dk\/?p=1522\">shutdown<\/a><br \/>\nslepp<br \/>\n<a href=\"https:\/\/www.linuxboxen.dk\/?p=1532\">sort<\/a><br \/>\nsplit<br \/>\n<a href=\"https:\/\/www.linuxboxen.dk\/?p=1540\">su<\/a><br \/>\n<a href=\"https:\/\/www.linuxboxen.dk\/sudo-og-hvordan-man-konfigurerer-sudo-i-linux\/\">sudo<\/a><br \/>\nsum<br \/>\nsymlink<br \/>\n<a href=\"https:\/\/www.linuxboxen.dk\/?p=1529\">sync<\/a><\/td>\n<td>Terminal sk\u00e6rm manager.<br \/>\nStreaming editor<br \/>\nside om side-sammenl\u00e6gning af filforskelle<br \/>\nsecure fil copy mellem local\/remote maskiner.<br \/>\nV\u00e6lg keybaoard input.<br \/>\nOprette tal sekvenser.<br \/>\nlukker eller genstarter linux<br \/>\ndelay for et antal sekunder.<br \/>\nSotere tekst filer.<br \/>\nSplitter en fil i flere dele.<br \/>\nSkifter bruger. Eller skift til super bruger.<br \/>\n<span style=\"background-color: inherit;\">Bliv super bruger\/Skift bruger.<br \/>\n<\/span><span style=\"background-color: inherit;\">Vis checksum p\u00e5 en fil.<br \/>\n<\/span><span style=\"background-color: inherit;\">lav et link til et fil.<br \/>\n<\/span><span style=\"background-color: inherit;\">sync data p\u00e5 disk med memory.<\/span><\/td>\n<\/tr>\n<\/tbody>\n<\/table>\n<hr class=\"solid\" \/>\n<p><a name=\"t\"><\/a><\/p>\n<h3>T<\/h3>\n<table style=\"height: 101px;\" border=\"1\" width=\"60%\">\n<tbody>\n<tr>\n<td width=\"20%\">tac<br \/>\ntail<br \/>\ntar<br \/>\n<a href=\"https:\/\/www.linuxboxen.dk\/?p=846\">tee<\/a><br \/>\ntest<br \/>\ntime<br \/>\n<a href=\"https:\/\/www.linuxboxen.dk\/?p=887\">timeout<\/a><br \/>\ntouch<br \/>\n<a href=\"https:\/\/www.linuxboxen.dk\/top\/\">top<\/a><br \/>\ntraceroute<br \/>\ntr<br \/>\ntsort<br \/>\n<a href=\"https:\/\/www.linuxboxen.dk\/?p=3035\">tune2fs<\/a><\/td>\n<td><span lang=\"da\" tabindex=\"0\">Sammenk\u00e6de og skrive filer omvendt.<br \/>\nVis den sidste del af en fil.<br \/>\nTape arkive<br \/>\nRedirect output til flere filer.<\/span>M\u00e5l tid en progcess\/programers resurces forbrug.<br \/>\nTimeout for et program.<br \/>\n\u00c6ndre en fils tids stemple.<br \/>\nLister processer som k\u00f8re.<br \/>\nFind internet routten til en ip\/host adresse.<br \/>\nOvers\u00e6tter og fjerner tegn.<br \/>\nSorterings program.<br \/>\n\u00c6ndre disk parametere p\u00e5 ext2\/3\/4 filsystemer.<\/td>\n<\/tr>\n<\/tbody>\n<\/table>\n<hr class=\"solid\" \/>\n<p><a name=\"u\"><\/a><\/p>\n<h3>U<\/h3>\n<table style=\"height: 101px;\" border=\"1\" width=\"60%\">\n<tbody>\n<tr>\n<td width=\"20%\"><a href=\"https:\/\/www.linuxboxen.dk\/?p=201\">umount<\/a><br \/>\nunexpand<br \/>\nuniq<br \/>\nunits<br \/>\nunshar<br \/>\n<a href=\"https:\/\/www.linuxboxen.dk\/?p=1087\">useradd<\/a><br \/>\n<a href=\"https:\/\/www.linuxboxen.dk\/?p=1624\">usermod<\/a><br \/>\nusers<\/td>\n<td>Umount device<br \/>\nkonvetere space til tabs<br \/>\nunikke filer<br \/>\nkonvetere en unit til en anden kb til mb eks.<br \/>\nudpakker shell skripts<br \/>\nOpretter nu bruger.<br \/>\n\u00c6ndre bruger konti.<br \/>\nViser hvem er logget ind.<\/td>\n<\/tr>\n<\/tbody>\n<\/table>\n<hr class=\"solid\" \/>\n<p><a name=\"v\"><\/a><\/p>\n<h3>V<\/h3>\n<table style=\"height: 101px;\" border=\"1\" width=\"60%\">\n<tbody>\n<tr>\n<td width=\"20%\"><a href=\"https:\/\/www.linuxboxen.dk\/?p=1055\">vdir<\/a><\/td>\n<td>Viser dir som ls -l -b<\/td>\n<\/tr>\n<\/tbody>\n<\/table>\n<hr class=\"solid\" \/>\n<p><a name=\"w\"><\/a><\/p>\n<h3>W<\/h3>\n<table style=\"height: 101px;\" border=\"1\" width=\"60%\">\n<tbody>\n<tr>\n<td width=\"20%\">watch<br \/>\nwc<br \/>\n<a href=\"https:\/\/www.linuxboxen.dk\/?p=2372\">whereis<\/a><br \/>\nwhich<br \/>\nwho<br \/>\nwhoami<\/td>\n<td>viser output fra et program periodisk.<br \/>\nVister bytes,words og linje t\u00e6ller.<br \/>\nviser alle instanser af en kommando.<br \/>\nviser program in bruger path.<br \/>\nviser alle bruger som er logget ind.<br \/>\nhvem er jeg ?. Viser login navn.<\/td>\n<\/tr>\n<\/tbody>\n<\/table>\n<hr class=\"solid\" \/>\n<p><a name=\"x\"><\/a><\/p>\n<h3>X<\/h3>\n<table style=\"height: 101px;\" border=\"1\" width=\"60%\">\n<tbody>\n<tr>\n<td width=\"20%\"><a href=\"https:\/\/www.linuxboxen.dk\/?p=1549\">xargs<\/a><\/td>\n<td>Bruger til at udf\u00f8re kommandoer fra stdio.<\/td>\n<\/tr>\n<\/tbody>\n<\/table>\n<hr class=\"solid\" \/>\n<p><a name=\"y\"><\/a><\/p>\n<h3>Y<\/h3>\n<table style=\"height: 101px;\" border=\"1\" width=\"60%\">\n<tbody>\n<tr>\n<td width=\"20%\"><a href=\"https:\/\/www.linuxboxen.dk\/?p=1076\">yes<\/a><\/td>\n<td>repeater en tekst indtil afbrydelse.<\/td>\n<\/tr>\n<\/tbody>\n<\/table>\n<hr class=\"solid\" \/>\n<p><a name=\"z\"><\/a><\/p>\n<h3>Z<\/h3>\n<table style=\"height: 101px;\" border=\"1\" width=\"60%\">\n<tbody>\n<tr>\n<td width=\"20%\"><a href=\"https:\/\/www.linuxboxen.dk\/?p=31806\" target=\"_blank\" rel=\"noopener\">zgrep<\/a><\/td>\n<td>Bruges til at s\u00f8ge i pakket filer.<\/td>\n<\/tr>\n<\/tbody>\n<\/table>\n","protected":false},"excerpt":{"rendered":"<p>Der er mange linux kommandoer, og jeg har ikke alle med her. Du kommer sikkert ikke til at bruge dem alle s\u00e5 jeg har udvalg nogle af de mest brugte. Du skal bruge en terminal\/shell for at bruge disse kommandoer. Der er nogle kommandoer hvor der er link til beskrivelse af hvordan kommandoen bruges. Og [&hellip;]<\/p>\n","protected":false},"author":1,"featured_media":0,"parent":0,"menu_order":0,"comment_status":"closed","ping_status":"closed","template":"","meta":{"_sitemap_exclude":false,"_sitemap_priority":"","_sitemap_frequency":"","footnotes":""},"class_list":["post-390","page","type-page","status-publish","hentry"],"_links":{"self":[{"href":"https:\/\/www.linuxboxen.dk\/index.php?rest_route=\/wp\/v2\/pages\/390","targetHints":{"allow":["GET"]}}],"collection":[{"href":"https:\/\/www.linuxboxen.dk\/index.php?rest_route=\/wp\/v2\/pages"}],"about":[{"href":"https:\/\/www.linuxboxen.dk\/index.php?rest_route=\/wp\/v2\/types\/page"}],"author":[{"embeddable":true,"href":"https:\/\/www.linuxboxen.dk\/index.php?rest_route=\/wp\/v2\/users\/1"}],"replies":[{"embeddable":true,"href":"https:\/\/www.linuxboxen.dk\/index.php?rest_route=%2Fwp%2Fv2%2Fcomments&post=390"}],"version-history":[{"count":47,"href":"https:\/\/www.linuxboxen.dk\/index.php?rest_route=\/wp\/v2\/pages\/390\/revisions"}],"predecessor-version":[{"id":33159,"href":"https:\/\/www.linuxboxen.dk\/index.php?rest_route=\/wp\/v2\/pages\/390\/revisions\/33159"}],"wp:attachment":[{"href":"https:\/\/www.linuxboxen.dk\/index.php?rest_route=%2Fwp%2Fv2%2Fmedia&parent=390"}],"curies":[{"name":"wp","href":"https:\/\/api.w.org\/{rel}","templated":true}]}}