{"id":23046,"date":"2021-02-11T16:00:11","date_gmt":"2021-02-11T15:00:11","guid":{"rendered":"https:\/\/www.linuxboxen.dk\/?page_id=23046"},"modified":"2021-02-11T16:00:11","modified_gmt":"2021-02-11T15:00:11","slug":"metasploit-framework-paa-kali-linux","status":"publish","type":"page","link":"https:\/\/www.linuxboxen.dk\/?page_id=23046","title":{"rendered":"Metasploit Framework p\u00e5 Kali Linux"},"content":{"rendered":"<p><a href=\"https:\/\/www.linuxboxen.dk\/wp-content\/uploads\/2021\/02\/metasexploit.png\"><img loading=\"lazy\" decoding=\"async\" class=\"alignnone wp-image-23049\" src=\"https:\/\/www.linuxboxen.dk\/wp-content\/uploads\/2021\/02\/metasexploit.png\" alt=\"\" width=\"618\" height=\"423\" \/><\/a><br \/>\nF\u00f8rst skal postgresql op og k\u00f8re.<\/p>\n<p class=\"wp-block-code\"><code>$ sudo systemctl enable --now postgresql<\/code><\/p>\n<p>Efter at postgres er installeret og k\u00f8re skal du installere metasploit.<\/p>\n<p class=\"wp-block-code\"><code><br \/>\n$ sudo apt update<br \/>\n$ sudo apt install metasploit-framework<br \/>\n$ sudo msfdb init<\/code><\/p>\n<p>S\u00e5 kan du start msfconsole<\/p>\n<p class=\"wp-block-code\"><code>$ sudo msfconsole<\/code><\/p>\n<p>&nbsp;<\/p>\n<p>&nbsp;<\/p>\n<h2>Mere om brug af metasploit-framework.<\/h2>\n<p><a href=\"https:\/\/www.linuxboxen.dk\/hacking-paa-rdp-server\/\">RDP hacking<\/a><\/p>\n<div class=\"pvc_clear\"><\/div>\n<p id=\"pvc_stats_23046\" class=\"pvc_stats all  \" data-element-id=\"23046\" style=\"\"><i class=\"pvc-stats-icon medium\" aria-hidden=\"true\"><svg aria-hidden=\"true\" focusable=\"false\" data-prefix=\"far\" data-icon=\"chart-bar\" role=\"img\" xmlns=\"http:\/\/www.w3.org\/2000\/svg\" viewBox=\"0 0 512 512\" class=\"svg-inline--fa fa-chart-bar fa-w-16 fa-2x\"><path fill=\"currentColor\" d=\"M396.8 352h22.4c6.4 0 12.8-6.4 12.8-12.8V108.8c0-6.4-6.4-12.8-12.8-12.8h-22.4c-6.4 0-12.8 6.4-12.8 12.8v230.4c0 6.4 6.4 12.8 12.8 12.8zm-192 0h22.4c6.4 0 12.8-6.4 12.8-12.8V140.8c0-6.4-6.4-12.8-12.8-12.8h-22.4c-6.4 0-12.8 6.4-12.8 12.8v198.4c0 6.4 6.4 12.8 12.8 12.8zm96 0h22.4c6.4 0 12.8-6.4 12.8-12.8V204.8c0-6.4-6.4-12.8-12.8-12.8h-22.4c-6.4 0-12.8 6.4-12.8 12.8v134.4c0 6.4 6.4 12.8 12.8 12.8zM496 400H48V80c0-8.84-7.16-16-16-16H16C7.16 64 0 71.16 0 80v336c0 17.67 14.33 32 32 32h464c8.84 0 16-7.16 16-16v-16c0-8.84-7.16-16-16-16zm-387.2-48h22.4c6.4 0 12.8-6.4 12.8-12.8v-70.4c0-6.4-6.4-12.8-12.8-12.8h-22.4c-6.4 0-12.8 6.4-12.8 12.8v70.4c0 6.4 6.4 12.8 12.8 12.8z\" class=\"\"><\/path><\/svg><\/i> <img loading=\"lazy\" decoding=\"async\" width=\"16\" height=\"16\" alt=\"Loading\" src=\"https:\/\/www.linuxboxen.dk\/wp-content\/plugins\/page-views-count\/ajax-loader-2x.gif\" border=0 \/><\/p>\n<div class=\"pvc_clear\"><\/div>\n","protected":false},"excerpt":{"rendered":"<p>F\u00f8rst skal postgresql op og k\u00f8re. $ sudo systemctl enable &#8211;now postgresql Efter at postgres er installeret og k\u00f8re skal du installere metasploit. $ sudo apt update $ sudo apt install metasploit-framework $ sudo msfdb init S\u00e5 kan du start msfconsole $ sudo msfconsole &nbsp; &nbsp; Mere om brug af metasploit-framework. RDP hacking<\/p>\n<div class=\"pvc_clear\"><\/div>\n<p id=\"pvc_stats_23046\" class=\"pvc_stats all  \" data-element-id=\"23046\" style=\"\"><i class=\"pvc-stats-icon medium\" aria-hidden=\"true\"><svg aria-hidden=\"true\" focusable=\"false\" data-prefix=\"far\" data-icon=\"chart-bar\" role=\"img\" xmlns=\"http:\/\/www.w3.org\/2000\/svg\" viewBox=\"0 0 512 512\" class=\"svg-inline--fa fa-chart-bar fa-w-16 fa-2x\"><path fill=\"currentColor\" d=\"M396.8 352h22.4c6.4 0 12.8-6.4 12.8-12.8V108.8c0-6.4-6.4-12.8-12.8-12.8h-22.4c-6.4 0-12.8 6.4-12.8 12.8v230.4c0 6.4 6.4 12.8 12.8 12.8zm-192 0h22.4c6.4 0 12.8-6.4 12.8-12.8V140.8c0-6.4-6.4-12.8-12.8-12.8h-22.4c-6.4 0-12.8 6.4-12.8 12.8v198.4c0 6.4 6.4 12.8 12.8 12.8zm96 0h22.4c6.4 0 12.8-6.4 12.8-12.8V204.8c0-6.4-6.4-12.8-12.8-12.8h-22.4c-6.4 0-12.8 6.4-12.8 12.8v134.4c0 6.4 6.4 12.8 12.8 12.8zM496 400H48V80c0-8.84-7.16-16-16-16H16C7.16 64 0 71.16 0 80v336c0 17.67 14.33 32 32 32h464c8.84 0 16-7.16 16-16v-16c0-8.84-7.16-16-16-16zm-387.2-48h22.4c6.4 0 12.8-6.4 12.8-12.8v-70.4c0-6.4-6.4-12.8-12.8-12.8h-22.4c-6.4 0-12.8 6.4-12.8 12.8v70.4c0 6.4 6.4 12.8 12.8 12.8z\" class=\"\"><\/path><\/svg><\/i> <img loading=\"lazy\" decoding=\"async\" width=\"16\" height=\"16\" alt=\"Loading\" src=\"https:\/\/www.linuxboxen.dk\/wp-content\/plugins\/page-views-count\/ajax-loader-2x.gif\" border=0 \/><\/p>\n<div class=\"pvc_clear\"><\/div>\n","protected":false},"author":1,"featured_media":0,"parent":0,"menu_order":0,"comment_status":"closed","ping_status":"closed","template":"","meta":{"_sitemap_exclude":false,"_sitemap_priority":"","_sitemap_frequency":"","footnotes":""},"class_list":["post-23046","page","type-page","status-publish","hentry"],"a3_pvc":{"activated":true,"total_views":51,"today_views":0},"_links":{"self":[{"href":"https:\/\/www.linuxboxen.dk\/index.php?rest_route=\/wp\/v2\/pages\/23046","targetHints":{"allow":["GET"]}}],"collection":[{"href":"https:\/\/www.linuxboxen.dk\/index.php?rest_route=\/wp\/v2\/pages"}],"about":[{"href":"https:\/\/www.linuxboxen.dk\/index.php?rest_route=\/wp\/v2\/types\/page"}],"author":[{"embeddable":true,"href":"https:\/\/www.linuxboxen.dk\/index.php?rest_route=\/wp\/v2\/users\/1"}],"replies":[{"embeddable":true,"href":"https:\/\/www.linuxboxen.dk\/index.php?rest_route=%2Fwp%2Fv2%2Fcomments&post=23046"}],"version-history":[{"count":0,"href":"https:\/\/www.linuxboxen.dk\/index.php?rest_route=\/wp\/v2\/pages\/23046\/revisions"}],"wp:attachment":[{"href":"https:\/\/www.linuxboxen.dk\/index.php?rest_route=%2Fwp%2Fv2%2Fmedia&parent=23046"}],"curies":[{"name":"wp","href":"https:\/\/api.w.org\/{rel}","templated":true}]}}