{"id":1365,"date":"2019-12-30T14:28:56","date_gmt":"2019-12-30T13:28:56","guid":{"rendered":"https:\/\/www.linuxboxen.dk\/?page_id=1365"},"modified":"2024-01-21T13:00:44","modified_gmt":"2024-01-21T13:00:44","slug":"landing_page","status":"publish","type":"page","link":"https:\/\/www.linuxboxen.dk\/","title":{"rendered":"Dagen Tips."},"content":{"rendered":"<p>Du kan l\u00e6se flere tips <a href=\"https:\/\/www.linuxboxen.dk\/?page_id=2211\">her<\/a><\/p>\n<!--W4PL_List_32434-->\n<style id=\"w4pl-css-32434\" type=\"text\/css\">.postdate { \r\n    display: inline-block;\r\n    font-family: Fontawesome;\r\n    height: 15px;\r\n    margin-right: 8px;\r\n    content: \"\";\r\n}\r\n<\/style>\n<div id=\"w4pl-list-32434\" class=\"w4pl\">\n\t<div id=\"w4pl-inner-32434\" class=\"w4pl-inner\">\n\t\t<p><h2><a class=\"post_title w4pl_post_title\" href=\"https:\/\/www.linuxboxen.dk\/?p=33206\" title=\"View jq &#8211; JSON p\u00e5 kommandolinjen.\">jq &#8211; JSON p\u00e5 kommandolinjen.<\/a><\/h2>\r\n<div class=\"block-meta\"><a href=\"https:\/\/www.linuxboxen.dk\/?p=33206\"><b>November 15, 2025<\/b><\/a> Skrevet af Admin<\/div>\r\n<\/p>\r\n<div class=\"post-excerpt\">jq kan g\u00f8re meget, men den hyppigste anvendelse for de fleste brugere er nok at \"vise\" JSON enten fra en fil eller pipe. Antag, at vi har en fil names.json, der indeholder f\u00f8lgende json data.[{ \"id\": 1, \"name\": \"Arthur\", \"age\":&hellip;<\/div> <a class=\"read_more\" href=\"https:\/\/www.linuxboxen.dk\/?p=33206\" title=\"Continue reading &raquo; jq &#8211; JSON p\u00e5 kommandolinjen.\">Continue reading &raquo;<\/a>\r\n<br><br>\r\n<a href=https:\/\/www.linuxboxen.dk\/?p=33206#comments>Skriv kommentar.<\/a>\r\n<hr>\r\n\r\n<p><h2><a class=\"post_title w4pl_post_title\" href=\"https:\/\/www.linuxboxen.dk\/?p=33201\" title=\"View Bash 5.3\">Bash 5.3<\/a><\/h2>\r\n<div class=\"block-meta\"><a href=\"https:\/\/www.linuxboxen.dk\/?p=33201\"><b>July 9, 2025<\/b><\/a> Skrevet af Admin<\/div>\r\n<\/p>\r\n<div class=\"post-excerpt\">En ny version af GNU-projektets Bourne Again SHell \u2013 bedre kendt som Bash \u2013 er blevet udgivet, n\u00e6sten tre \u00e5r efter den seneste version. If\u00f8lge den officielle udgivelsesmeddelelse indeholder Bash 5.3 \"v\u00e6sentlige nye funktioner\", sammen med en r\u00e6kke forbedringer, fejlrettelser&hellip;<\/div> <a class=\"read_more\" href=\"https:\/\/www.linuxboxen.dk\/?p=33201\" title=\"Continue reading &raquo; Bash 5.3\">Continue reading &raquo;<\/a>\r\n<br><br>\r\n<a href=https:\/\/www.linuxboxen.dk\/?p=33201#comments>Skriv kommentar.<\/a>\r\n<hr>\r\n\r\n<p><h2><a class=\"post_title w4pl_post_title\" href=\"https:\/\/www.linuxboxen.dk\/?p=33092\" title=\"View AI p\u00e5 Linux.\">AI p\u00e5 Linux.<\/a><\/h2>\r\n<div class=\"block-meta\"><a href=\"https:\/\/www.linuxboxen.dk\/?p=33092\"><b>January 28, 2025<\/b><\/a> Skrevet af Admin<\/div>\r\n<\/p>\r\n<div class=\"post-excerpt\">L\u00e6s mere her<\/div> <a class=\"read_more\" href=\"https:\/\/www.linuxboxen.dk\/?p=33092\" title=\"Continue reading &raquo; AI p\u00e5 Linux.\">Continue reading &raquo;<\/a>\r\n<br><br>\r\n<a href=https:\/\/www.linuxboxen.dk\/?p=33092#comments>Skriv kommentar.<\/a>\r\n<hr>\r\n\r\n<p><h2><a class=\"post_title w4pl_post_title\" href=\"https:\/\/www.linuxboxen.dk\/?p=33169\" title=\"View SSH med remote kommand\">SSH med remote kommand<\/a><\/h2>\r\n<div class=\"block-meta\"><a href=\"https:\/\/www.linuxboxen.dk\/?p=33169\"><b>December 7, 2024<\/b><\/a> Skrevet af Admin<\/div>\r\n<\/p>\r\n<div class=\"post-excerpt\">Du beh\u00f8ver ikke login for at k\u00f8re remote kommando p\u00e5 en server. Det kan g\u00f8res som argument til ssh som vist her. admin@work01:~\/datadisk\/mythtv-controller-0.38$ ssh -p 9417 admin@homepage.dk 'df -h' Filesystem Size Used Avail Use% Mounted on tmpfs 392M 1.0M 391M&hellip;<\/div> <a class=\"read_more\" href=\"https:\/\/www.linuxboxen.dk\/?p=33169\" title=\"Continue reading &raquo; SSH med remote kommand\">Continue reading &raquo;<\/a>\r\n<br><br>\r\n<a href=https:\/\/www.linuxboxen.dk\/?p=33169#comments>Skriv kommentar.<\/a>\r\n<hr>\r\n\r\n<p><h2><a class=\"post_title w4pl_post_title\" href=\"https:\/\/www.linuxboxen.dk\/?p=33137\" title=\"View Linux systemd kan bruges til mange ting.\">Linux systemd kan bruges til mange ting.<\/a><\/h2>\r\n<div class=\"block-meta\"><a href=\"https:\/\/www.linuxboxen.dk\/?p=33137\"><b>December 2, 2024<\/b><\/a> Skrevet af Admin<\/div>\r\n<\/p>\r\n<div class=\"post-excerpt\">Jeg havde et st\u00f8re problem med docker og hvordan container startes i den rigtige r\u00e6kkef\u00f8lge. Hvis du kun bruger docker service til at starte dine container kan du ikke helt styre hvilken container som starter i hvilken r\u00e6kkef\u00f8lge.For at l\u00f8se&hellip;<\/div> <a class=\"read_more\" href=\"https:\/\/www.linuxboxen.dk\/?p=33137\" title=\"Continue reading &raquo; Linux systemd kan bruges til mange ting.\">Continue reading &raquo;<\/a>\r\n<br><br>\r\n<a href=https:\/\/www.linuxboxen.dk\/?p=33137#comments>Skriv kommentar.<\/a>\r\n<hr>\r\n\r\n<p><h2><a class=\"post_title w4pl_post_title\" href=\"https:\/\/www.linuxboxen.dk\/?p=33130\" title=\"View Jenkins agent problemer.\">Jenkins agent problemer.<\/a><\/h2>\r\n<div class=\"block-meta\"><a href=\"https:\/\/www.linuxboxen.dk\/?p=33130\"><b>November 21, 2024<\/b><\/a> Skrevet af Admin<\/div>\r\n<\/p>\r\n<div class=\"post-excerpt\">Jeg skulle installere en Jenkins agent p\u00e5 mit media center og ville gerne have det som en service.Det var faktisk ikke s\u00e5dan lige til at lave, men her er en l\u00f8sning som virker. F\u00f8rst skal filen \/etc\/systemd\/system\/jenkins.service oprettes. $ vi&hellip;<\/div> <a class=\"read_more\" href=\"https:\/\/www.linuxboxen.dk\/?p=33130\" title=\"Continue reading &raquo; Jenkins agent problemer.\">Continue reading &raquo;<\/a>\r\n<br><br>\r\n<a href=https:\/\/www.linuxboxen.dk\/?p=33130#comments>Skriv kommentar.<\/a>\r\n<hr>\r\n\r\n<p><h2><a class=\"post_title w4pl_post_title\" href=\"https:\/\/www.linuxboxen.dk\/?p=33061\" title=\"View ncdu\">ncdu<\/a><\/h2>\r\n<div class=\"block-meta\"><a href=\"https:\/\/www.linuxboxen.dk\/?p=33061\"><b>April 19, 2024<\/b><\/a> Skrevet af Admin<\/div>\r\n<\/p>\r\n<div class=\"post-excerpt\">Bruger du ncdu til at se disk plads i brugt p\u00e5 diverse dirs. Du kan exclude dirs p\u00e5 denne m\u00e5de.$ ncdu -x \/ --exclude \/home\/tmp<\/div> <a class=\"read_more\" href=\"https:\/\/www.linuxboxen.dk\/?p=33061\" title=\"Continue reading &raquo; ncdu\">Continue reading &raquo;<\/a>\r\n<br><br>\r\n<a href=https:\/\/www.linuxboxen.dk\/?p=33061#comments>Skriv kommentar.<\/a>\r\n<hr>\r\n\r\n<p><h2><a class=\"post_title w4pl_post_title\" href=\"https:\/\/www.linuxboxen.dk\/?p=33047\" title=\"View Docker med nginx server.\">Docker med nginx server.<\/a><\/h2>\r\n<div class=\"block-meta\"><a href=\"https:\/\/www.linuxboxen.dk\/?p=33047\"><b>February 19, 2024<\/b><\/a> Skrevet af Admin<\/div>\r\n<\/p>\r\n<div class=\"post-excerpt\">Hvis du skal bruge en nginx server, kan det v\u00e6re en god ide at bruge docker til dette. F\u00f8rst start en nginx container. user@work01:~$ sudo docker container run --publish 80:80 --detach nginx For at f\u00e5 en shell p\u00e5 containeren skal&hellip;<\/div> <a class=\"read_more\" href=\"https:\/\/www.linuxboxen.dk\/?p=33047\" title=\"Continue reading &raquo; Docker med nginx server.\">Continue reading &raquo;<\/a>\r\n<br><br>\r\n<a href=https:\/\/www.linuxboxen.dk\/?p=33047#comments>Skriv kommentar.<\/a>\r\n<hr>\r\n\r\n<p><h2><a class=\"post_title w4pl_post_title\" href=\"https:\/\/www.linuxboxen.dk\/?p=33040\" title=\"View Fjern Git Tracking fra et directory.\">Fjern Git Tracking fra et directory.<\/a><\/h2>\r\n<div class=\"block-meta\"><a href=\"https:\/\/www.linuxboxen.dk\/?p=33040\"><b>February 19, 2024<\/b><\/a> Skrevet af Admin<\/div>\r\n<\/p>\r\n<div class=\"post-excerpt\">Du kan fjerne et git link ved at fjerne den mappe som hedder .git som vist her. rwxrwxr-x 9 user user 18 Feb 19 16:53 .git rm -rf .git<\/div> <a class=\"read_more\" href=\"https:\/\/www.linuxboxen.dk\/?p=33040\" title=\"Continue reading &raquo; Fjern Git Tracking fra et directory.\">Continue reading &raquo;<\/a>\r\n<br><br>\r\n<a href=https:\/\/www.linuxboxen.dk\/?p=33040#comments>Skriv kommentar.<\/a>\r\n<hr>\r\n\r\n<p><h2><a class=\"post_title w4pl_post_title\" href=\"https:\/\/www.linuxboxen.dk\/?p=32562\" title=\"View Nyt layout.\">Nyt layout.<\/a><\/h2>\r\n<div class=\"block-meta\"><a href=\"https:\/\/www.linuxboxen.dk\/?p=32562\"><b>January 20, 2024<\/b><\/a> Skrevet af Admin<\/div>\r\n<\/p>\r\n<div class=\"post-excerpt\">Hej alle. Jeg har installereret et nyt layout og h\u00e5ber i kan lide det. Det hele tr\u00e6ngte til en opdatering og OS er ogs\u00e5 opdateret.<\/div> <a class=\"read_more\" href=\"https:\/\/www.linuxboxen.dk\/?p=32562\" title=\"Continue reading &raquo; Nyt layout.\">Continue reading &raquo;<\/a>\r\n<br><br>\r\n<a href=https:\/\/www.linuxboxen.dk\/?p=32562#comments>Skriv kommentar.<\/a>\r\n<hr>\n\t<\/div><!--#w4pl-inner-32434-->\n<\/div><!--#w4pl-32434-->\n<!--END_W4PL_List_32434-->\n\n","protected":false},"excerpt":{"rendered":"<p>Du kan l\u00e6se flere tips her<\/p>\n","protected":false},"author":1,"featured_media":0,"parent":0,"menu_order":0,"comment_status":"closed","ping_status":"closed","template":"","meta":{"_sitemap_exclude":false,"_sitemap_priority":"","_sitemap_frequency":"","footnotes":""},"class_list":["post-1365","page","type-page","status-publish","hentry"],"_links":{"self":[{"href":"https:\/\/www.linuxboxen.dk\/index.php?rest_route=\/wp\/v2\/pages\/1365","targetHints":{"allow":["GET"]}}],"collection":[{"href":"https:\/\/www.linuxboxen.dk\/index.php?rest_route=\/wp\/v2\/pages"}],"about":[{"href":"https:\/\/www.linuxboxen.dk\/index.php?rest_route=\/wp\/v2\/types\/page"}],"author":[{"embeddable":true,"href":"https:\/\/www.linuxboxen.dk\/index.php?rest_route=\/wp\/v2\/users\/1"}],"replies":[{"embeddable":true,"href":"https:\/\/www.linuxboxen.dk\/index.php?rest_route=%2Fwp%2Fv2%2Fcomments&post=1365"}],"version-history":[{"count":11,"href":"https:\/\/www.linuxboxen.dk\/index.php?rest_route=\/wp\/v2\/pages\/1365\/revisions"}],"predecessor-version":[{"id":33031,"href":"https:\/\/www.linuxboxen.dk\/index.php?rest_route=\/wp\/v2\/pages\/1365\/revisions\/33031"}],"wp:attachment":[{"href":"https:\/\/www.linuxboxen.dk\/index.php?rest_route=%2Fwp%2Fv2%2Fmedia&parent=1365"}],"curies":[{"name":"wp","href":"https:\/\/api.w.org\/{rel}","templated":true}]}}